{"id":1611,"date":"2021-07-28T10:47:18","date_gmt":"2021-07-28T08:47:18","guid":{"rendered":"https:\/\/marylinebellec.fr\/?page_id=1611"},"modified":"2021-07-28T10:53:58","modified_gmt":"2021-07-28T08:53:58","slug":"mes-parutions","status":"publish","type":"page","link":"https:\/\/marylinebellec.fr\/?page_id=1611","title":{"rendered":"Mes parutions"},"content":{"rendered":"\n<p>mon premier livre \u00e9tait auto-\u00e9dit\u00e9 et \u00e9tait un conte pour enfant<\/p>\n\n\n\n<p>Le deuxi\u00e8me est toujours disponible chez Dadoclem \u00e9dition <\/p>\n\n\n\n<p>Le troisi\u00e8me est sous la forme de mini bd pour les participants \u00e0 mon premier <a href=\"http:\/\/online.fliphtml5.com\/agem\/ktet\/?t=1475161128900#p=1\">voyage au Japon<\/a> que vous pouvez lire <a href=\"http:\/\/online.fliphtml5.com\/agem\/ktet\/?t=1475161128900#p=1\">ici<\/a>.<\/p>\n","protected":false},"excerpt":{"rendered":"<p>mon premier livre \u00e9tait auto-\u00e9dit\u00e9 et \u00e9tait un conte pour enfant Le deuxi\u00e8me est toujours disponible chez Dadoclem \u00e9dition Le troisi\u00e8me est sous la forme de mini bd pour les participants \u00e0 mon premier voyage au Japon que vous pouvez lire ici.<\/p>\n","protected":false},"author":1,"featured_media":0,"parent":0,"menu_order":0,"comment_status":"closed","ping_status":"closed","template":"","meta":[],"_links":{"self":[{"href":"https:\/\/marylinebellec.fr\/index.php?rest_route=\/wp\/v2\/pages\/1611"}],"collection":[{"href":"https:\/\/marylinebellec.fr\/index.php?rest_route=\/wp\/v2\/pages"}],"about":[{"href":"https:\/\/marylinebellec.fr\/index.php?rest_route=\/wp\/v2\/types\/page"}],"author":[{"embeddable":true,"href":"https:\/\/marylinebellec.fr\/index.php?rest_route=\/wp\/v2\/users\/1"}],"replies":[{"embeddable":true,"href":"https:\/\/marylinebellec.fr\/index.php?rest_route=%2Fwp%2Fv2%2Fcomments&post=1611"}],"version-history":[{"count":4,"href":"https:\/\/marylinebellec.fr\/index.php?rest_route=\/wp\/v2\/pages\/1611\/revisions"}],"predecessor-version":[{"id":1619,"href":"https:\/\/marylinebellec.fr\/index.php?rest_route=\/wp\/v2\/pages\/1611\/revisions\/1619"}],"wp:attachment":[{"href":"https:\/\/marylinebellec.fr\/index.php?rest_route=%2Fwp%2Fv2%2Fmedia&parent=1611"}],"curies":[{"name":"wp","href":"https:\/\/api.w.org\/{rel}","templated":true}]}}