{"id":1595,"date":"2021-05-18T18:41:47","date_gmt":"2021-05-18T16:41:47","guid":{"rendered":"http:\/\/marylinebellec.fr\/?post_type=product&#038;p=1595"},"modified":"2026-03-29T13:32:38","modified_gmt":"2026-03-29T11:32:38","slug":"voyage-au-pays-des-mochis","status":"publish","type":"product","link":"https:\/\/marylinebellec.fr\/?product=voyage-au-pays-des-mochis","title":{"rendered":"Voyage au pays des Mochis"},"content":{"rendered":"<p style=\"text-align: center;\"><strong>Voyage au pays des Mochis<\/strong> est le carnet de mes voyages, un m\u00e9lange entre carnet de voyage, illustrations, crayonn\u00e9s, notes et bd.<\/p>\n<p style=\"text-align: center;\">100 pages d&rsquo;anecdotes de singularit\u00e9s et d&rsquo;\u00e9tonnement : le Japon est assez surprenant parfois, d\u00e9stabilisant souvent, envo\u00fbtant et enivrant en m\u00eame temps.<\/p>\n<p style=\"text-align: center;\">Alors ce n&rsquo;est pas un guide de voyage, mais de quoi passer un bon moment ensemble et cela vous donnera peut-\u00eatre l&rsquo;envie d&rsquo;aller y faire un saut !<\/p>\n<p style=\"text-align: center;\">J\u2019esp\u00e8re qu\u2019il vous plaira !<\/p>\n<div style=\"width: 500px;\" class=\"wp-video\"><!--[if lt IE 9]><script>document.createElement('video');<\/script><![endif]-->\n<video class=\"wp-video-shortcode\" id=\"video-1595-1\" width=\"500\" height=\"500\" preload=\"metadata\" controls=\"controls\"><source type=\"video\/mp4\" src=\"https:\/\/marylinebellec.fr\/wp-content\/uploads\/2019\/07\/Vide\u0301o.mp4?_=1\" \/><a href=\"https:\/\/marylinebellec.fr\/wp-content\/uploads\/2019\/07\/Vide\u0301o.mp4\">https:\/\/marylinebellec.fr\/wp-content\/uploads\/2019\/07\/Vide\u0301o.mp4<\/a><\/video><\/div>\n","protected":false},"excerpt":{"rendered":"<p>Livre illustr\u00e9 en couleurs &#8211; 110 pages<\/p>\n","protected":false},"featured_media":1596,"comment_status":"open","ping_status":"closed","template":"","meta":[],"product_cat":[37],"product_tag":[],"_links":{"self":[{"href":"https:\/\/marylinebellec.fr\/index.php?rest_route=\/wp\/v2\/product\/1595"}],"collection":[{"href":"https:\/\/marylinebellec.fr\/index.php?rest_route=\/wp\/v2\/product"}],"about":[{"href":"https:\/\/marylinebellec.fr\/index.php?rest_route=\/wp\/v2\/types\/product"}],"replies":[{"embeddable":true,"href":"https:\/\/marylinebellec.fr\/index.php?rest_route=%2Fwp%2Fv2%2Fcomments&post=1595"}],"wp:featuredmedia":[{"embeddable":true,"href":"https:\/\/marylinebellec.fr\/index.php?rest_route=\/wp\/v2\/media\/1596"}],"wp:attachment":[{"href":"https:\/\/marylinebellec.fr\/index.php?rest_route=%2Fwp%2Fv2%2Fmedia&parent=1595"}],"wp:term":[{"taxonomy":"product_cat","embeddable":true,"href":"https:\/\/marylinebellec.fr\/index.php?rest_route=%2Fwp%2Fv2%2Fproduct_cat&post=1595"},{"taxonomy":"product_tag","embeddable":true,"href":"https:\/\/marylinebellec.fr\/index.php?rest_route=%2Fwp%2Fv2%2Fproduct_tag&post=1595"}],"curies":[{"name":"wp","href":"https:\/\/api.w.org\/{rel}","templated":true}]}}